{"id":83,"date":"2020-02-12T10:39:32","date_gmt":"2020-02-12T09:39:32","guid":{"rendered":"https:\/\/www.yulong.cz\/?page_id=83"},"modified":"2024-02-08T10:26:27","modified_gmt":"2024-02-08T09:26:27","slug":"kontakt","status":"publish","type":"page","link":"https:\/\/www.yulong.cz\/?page_id=83","title":{"rendered":"Kontakt"},"content":{"rendered":"\n<p>Hlavn\u00edm instruktorem je sifu <strong>Ji\u0159\u00ed Hauska<\/strong>.<br>Tel: 604 737 516<br>Email: info@yulong.cz<br>Zde v\u00e1m r\u00e1di odpov\u00edme na v\u0161echny va\u0161e dotazy.<\/p>\n\n\n\n<p><\/p>\n\n\n\n<h3>Kontakt na instruktory v jednotliv\u00fdch kurzech:<\/h3>\n\n\n\n<p>Hlavn\u00ed budova K\u0159i\u017e\u00edkova (d\u011bti 6-12 let):<br>Tel: 604 737 516<br><\/p>\n\n\n\n<p>Vy\u0161kov DDM (d\u011bti a dosp\u011bl\u00ed):<br>Pavel Gotvald<br>Tel: 608 616 538<br><\/p>\n\n\n\n<p>Pobo\u010dka Velk\u00e1 B\u00edte\u0161<br>Ji\u0159\u00ed Kom\u00ednek<br>Tel.: 728 230 341<br><\/p>\n\n\n\n<h3>Kde n\u00e1s najdete?<\/h3>\n\n\n\n<p><strong>Hlavn\u00ed budova<\/strong><br>Brno, K\u0159i\u017e\u00edkova 68A  (pavla\u010d\u00e1k, 3. patro)<br><br><a href=\"https:\/\/goo.gl\/maps\/dviSFyZRjR4vsLNVA\">Zobrazit velkou mapu<\/a><\/p>\n\n\n\n<iframe src=\"https:\/\/www.google.com\/maps\/embed?pb=!1m18!1m12!1m3!1d6197.730074805321!2d16.608194390660206!3d49.2228553092231!2m3!1f0!2f0!3f0!3m2!1i1024!2i768!4f13.1!3m3!1m2!1s0x4712944d76b61f2d%3A0x6433f667f98ce9c7!2sKung%20fu%20akademie%20Yulong!5e0!3m2!1scs!2scz!4v1707384343244!5m2!1scs!2scz\" width=\"600\" height=\"450\" style=\"border:0;\" allowfullscreen=\"\" loading=\"lazy\" referrerpolicy=\"no-referrer-when-downgrade\"><\/iframe>\n\n\n\n<p><strong>D\u016fm D\u011bt\u00ed a Ml\u00e1de\u017ee<\/strong><br>Brn\u011bnsk\u00e1 3<br>Vy\u0161kov<br>(r\u016f\u017eov\u00e1 budova p\u0159\u00edmo proti autobusov\u00e9mu n\u00e1dra\u017e\u00ed)<br><br><a href=\"https:\/\/maps.google.com\/maps?f=q&amp;source=embed&amp;hl=en&amp;geocode=&amp;q=Brnenska+3,+vyskov&amp;aq=&amp;sll=49.189291,16.597252&amp;sspn=0.006276,0.015514&amp;g=vaclavska+6,+brno&amp;ie=UTF8&amp;hq=&amp;hnear=Brn%C4%9Bnsk%C3%A1+149%2F3,+682+01+Vy%C5%A1kov,+Czech+Republic&amp;t=m&amp;ll=49.279872,16.996751&amp;spn=0.009799,0.018239&amp;z=15&amp;iwloc=A\">Zobrazit velkou mapu<\/a><\/p>\n\n\n\n<iframe src=\"https:\/\/www.google.com\/maps\/embed?pb=!1m14!1m8!1m3!1d10411.266463889115!2d16.996751!3d49.279872!3m2!1i1024!2i768!4f13.1!3m3!1m2!1s0x4712fa94d357e437%3A0xd3bc1da99734497c!2zQnJuxJtuc2vDoSAxNDkvMywgTcSbc3RvLCA2ODIgMDEgVnnFoWtvdg!5e0!3m2!1sen!2scz!4v1633692030329!5m2!1sen!2scz\" width=\"600\" height=\"450\" style=\"border:0;\" allowfullscreen=\"\" loading=\"lazy\"><\/iframe>\n\n\n\n<div class=\"wp-block-columns\">\n<div class=\"wp-block-column\" style=\"flex-basis:100%\"><\/div>\n<\/div>\n\n\n\n<div class=\"wp-block-group\"><div class=\"wp-block-group__inner-container\">\n<p class=\"has-text-align-left has-black-color has-accent-background-color has-text-color has-background\"><strong>Sadov\u00e1 579<\/strong><br>Velk\u00e1 B\u00edte\u0161<br><br>st\u0159eda 18:00 &#8211; 19:30<\/p>\n\n\n\n<div class=\"wp-block-group\"><div class=\"wp-block-group__inner-container\">\n<iframe src=\"https:\/\/www.google.com\/maps\/embed?pb=!1m18!1m12!1m3!1d2602.2557650918197!2d16.229413845363467!3d49.29049794019908!2m3!1f0!2f0!3f0!3m2!1i1024!2i768!4f13.1!3m3!1m2!1s0x470d62187a5a07ed%3A0x9ce6054c49432e9b!2zU2Fkb3bDoSA1NzksIDU5NSAwMSBWZWxrw6EgQsOtdGXFoQ!5e0!3m2!1scs!2scz!4v1707383924273!5m2!1scs!2scz\" width=\"600\" height=\"450\" style=\"border:0;\" allowfullscreen=\"\" loading=\"lazy\" referrerpolicy=\"no-referrer-when-downgrade\"><\/iframe>\n<\/div><\/div>\n<\/div><\/div>\n\n\n\n<p><\/p>\n","protected":false},"excerpt":{"rendered":"<p>Hlavn\u00edm instruktorem je sifu Ji\u0159\u00ed Hauska.Tel: 604 737 516Email: info@yulong.czZde v\u00e1m r\u00e1di odpov\u00edme na v\u0161echny va\u0161e dotazy. Kontakt na instruktory v jednotliv\u00fdch kurzech: Hlavn\u00ed budova K\u0159i\u017e\u00edkova (d\u011bti 6-12 let):Tel: 604 737 516 Vy\u0161kov DDM (d\u011bti a dosp\u011bl\u00ed):Pavel GotvaldTel: 608 616 538 Pobo\u010dka Velk\u00e1 B\u00edte\u0161Ji\u0159\u00ed Kom\u00ednekTel.: 728 230 341 Kde n\u00e1s [&hellip;]<\/p>\n","protected":false},"author":1,"featured_media":0,"parent":0,"menu_order":0,"comment_status":"closed","ping_status":"closed","template":"","meta":[],"_links":{"self":[{"href":"https:\/\/www.yulong.cz\/index.php?rest_route=\/wp\/v2\/pages\/83"}],"collection":[{"href":"https:\/\/www.yulong.cz\/index.php?rest_route=\/wp\/v2\/pages"}],"about":[{"href":"https:\/\/www.yulong.cz\/index.php?rest_route=\/wp\/v2\/types\/page"}],"author":[{"embeddable":true,"href":"https:\/\/www.yulong.cz\/index.php?rest_route=\/wp\/v2\/users\/1"}],"replies":[{"embeddable":true,"href":"https:\/\/www.yulong.cz\/index.php?rest_route=%2Fwp%2Fv2%2Fcomments&post=83"}],"version-history":[{"count":5,"href":"https:\/\/www.yulong.cz\/index.php?rest_route=\/wp\/v2\/pages\/83\/revisions"}],"predecessor-version":[{"id":3159,"href":"https:\/\/www.yulong.cz\/index.php?rest_route=\/wp\/v2\/pages\/83\/revisions\/3159"}],"wp:attachment":[{"href":"https:\/\/www.yulong.cz\/index.php?rest_route=%2Fwp%2Fv2%2Fmedia&parent=83"}],"curies":[{"name":"wp","href":"https:\/\/api.w.org\/{rel}","templated":true}]}}