{"id":70,"date":"2020-02-12T10:13:10","date_gmt":"2020-02-12T09:13:10","guid":{"rendered":"https:\/\/www.yulong.cz\/?page_id=70"},"modified":"2022-01-03T11:14:00","modified_gmt":"2022-01-03T10:14:00","slug":"etika","status":"publish","type":"page","link":"https:\/\/www.yulong.cz\/?page_id=70","title":{"rendered":"Etika kung fu"},"content":{"rendered":"\n<figure class=\"wp-block-table\"><table><tbody><tr><td class=\"has-text-align-center\" data-align=\"center\"><a href=\"https:\/\/www.yulong.cz\/?page_id=53\"><img loading=\"lazy\" width=\"80\" height=\"80\" src=\"http:\/\/www.yulong.cz\/wp-content\/uploads\/2020\/02\/ik_styl.png\" alt=\"\" class=\"wp-image-154\"><\/a><\/td><td class=\"has-text-align-center\" data-align=\"center\"><a href=\"https:\/\/www.yulong.cz\/?page_id=70\"><img loading=\"lazy\" width=\"90\" height=\"90\" src=\"http:\/\/www.yulong.cz\/wp-content\/uploads\/2020\/02\/ik_etika.png\" alt=\"\" class=\"wp-image-153\"><\/a><\/td><td class=\"has-text-align-center\" data-align=\"center\"><a href=\"https:\/\/www.yulong.cz\/?page_id=56\"><img loading=\"lazy\" src=\"http:\/\/www.yulong.cz\/wp-content\/uploads\/2020\/02\/ik_uspech.png\" alt=\"\" class=\"wp-image-155\" width=\"80\" height=\"80\"><\/a><\/td><\/tr><tr><td class=\"has-text-align-center\" data-align=\"center\"> <a href=\"https:\/\/www.yulong.cz\/?page_id=53\" data-type=\"page\" data-id=\"53\">styly &gt;<\/a> <\/td><td class=\"has-text-align-center\" data-align=\"center\"><a href=\"https:\/\/www.yulong.cz\/?page_id=70\"> etika &gt; <\/a><\/td><td class=\"has-text-align-center\" data-align=\"center\"> <a href=\"https:\/\/www.yulong.cz\/?page_id=56\" data-type=\"page\" data-id=\"56\">\u00fasp\u011bchy ><\/a> <\/td><\/tr><\/tbody><\/table><\/figure>\n\n\n\n<p> <br> <\/p>\n\n\n\n<h3 class=\"has-text-align-center\">M\u011bj \u00factu k \u017eivotu<\/h3>\n\n\n\n<p class=\"has-text-align-center\">\u010c\u00ednsk\u00e9 bojov\u00e9 um\u011bn\u00ed se zrodilo pro ochranu \u017eivota. Pouze \u00factou k \u017eivotu lze dos\u00e1hnout pochopen\u00ed.<\/p>\n\n\n\n<hr class=\"wp-block-separator\"\/>\n\n\n\n<h3 class=\"has-text-align-center\">Etika na prvn\u00edm m\u00edst\u011b<\/h3>\n\n\n\n<p class=\"has-text-align-center\">Etika a discipl\u00edna dovoluje vytvo\u0159it vztahy mezi lidmi. V\u0161ichni lid\u00e9 tuto tradici mus\u00ed respektovat a nesm\u00ed ji nijak sni\u017eovat.<\/p>\n\n\n\n<hr class=\"wp-block-separator\"\/>\n\n\n\n<h3 class=\"has-text-align-center\">Starej se o mor\u00e1ln\u00ed chov\u00e1n\u00ed<\/h3>\n\n\n\n<p class=\"has-text-align-center\">Kdy\u017e vylep\u0161ujeme sv\u00e9 kung fu dovednosti, je rovn\u011b\u017e nezbytn\u00e9 rozv\u00edjet kvality up\u0159\u00edmnosti a inteligence. Spr\u00e1vn\u00e9 chov\u00e1n\u00ed ke sv\u00e9mu sousedovi mus\u00ed b\u00fdt samoz\u0159ejmost\u00ed bez ohledu na situaci.<\/p>\n\n\n\n<hr class=\"wp-block-separator\"\/>\n\n\n\n<h3 class=\"has-text-align-center\">Respektuj u\u010ditele a p\u011bstuj p\u0159\u00e1telstv\u00ed<\/h3>\n\n\n\n<p class=\"has-text-align-center\">To znamen\u00e1 u\u010dit se od sv\u00e9ho u\u010ditele s pokorou, pom\u00e1hat s u\u010den\u00edm mlad\u0161\u00edch student\u016f a p\u011bstovat p\u0159\u00e1telstv\u00ed mezi v\u0161emi ve \u0161kole.<\/p>\n\n\n\n<hr class=\"wp-block-separator\"\/>\n\n\n\n<h3 class=\"has-text-align-center\">Studuj s pokorou<\/h3>\n\n\n\n<p class=\"has-text-align-center\">Ke st\u00e1l\u00e9mu zlep\u0161ov\u00e1n\u00ed je nutn\u00e9 neb\u00fdt pov\u00fd\u0161en\u00fd. Je pot\u0159eba spolupracovat se v\u0161emi ostatn\u00edmi.<\/p>\n\n\n\n<hr class=\"wp-block-separator\"\/>\n\n\n\n<h3 class=\"has-text-align-center\">Nesna\u017e se p\u0159edv\u00e1d\u011bt sv\u00e9 vlastn\u00ed um\u011bn\u00ed a nepovy\u0161uj se nad slab\u0161\u00ed<\/h3>\n\n\n\n<p class=\"has-text-align-center\">\u00da\u010delem tr\u00e9ninku bojov\u00e9ho um\u011bn\u00ed je m\u00edt zdrav\u00e9 t\u011blo a dok\u00e1zat s\u00e1m sebe ubr\u00e1nit. Nepou\u017e\u00edvej ho nerozv\u00e1\u017en\u011b a proti n\u011bkomu slab\u0161\u00edmu, mus\u00ed\u0161 poznat, co je spr\u00e1vn\u00e9, a bojovat za spr\u00e1vn\u00e9 c\u00edle.<\/p>\n\n\n\n<hr class=\"wp-block-separator\"\/>\n\n\n\n<h3 class=\"has-text-align-center\">St\u00e1le cvi\u010d<\/h3>\n\n\n\n<p class=\"has-text-align-center\">Pro zlep\u0161en\u00ed sv\u00e9ho um\u011bn\u00ed a pro \u010dest sv\u00e9ho u\u010ditele.<\/p>\n\n\n\n<hr class=\"wp-block-separator\"\/>\n\n\n\n<h2 class=\"has-text-align-center\">Cesta kung fu<\/h2>\n\n\n\n<p class=\"has-text-align-center\">&#8222;Cesta&#8220; znamen\u00e1 zp\u016fsob jak dos\u00e1hnout opravdov\u00e9ho um\u011bn\u00ed kung fu:<\/p>\n\n\n\n<ul><li>kultura t\u011bla (fyzick\u00e1 p\u0159\u00edprava)<\/li><li>p\u011bstn\u00ed formy (tao lu) pro celkovou znalost syst\u00e9mu<\/li><li>sparingov\u00e9 formy (dui lian) pro bli\u017e\u0161\u00ed pozn\u00e1n\u00ed syst\u00e9mu<\/li><li>voln\u00fd boj (lei tai) pro um\u011bn\u00ed samotn\u00e9<\/li><li>kultura vnit\u0159n\u00ed energie (qi gong) k pochopen\u00ed tv\u016fr\u010d\u00edch element\u016f<\/li><li>soust\u0159ed\u011bn\u00ed, meditace a uvoln\u011bn\u00ed k pochopen\u00ed &#8222;cesty&#8220;<\/li><\/ul>\n\n\n\n<hr class=\"wp-block-separator\"\/>\n\n\n\n<h2 class=\"has-text-align-center\">8 princip\u016f jak naj\u00edt spr\u00e1vnou cestu<\/h2>\n\n\n\n<ol><li>\u00da\u010delem bojov\u00e9ho um\u011bn\u00ed je zu\u0161lecht\u011bn\u00ed ducha<\/li><li>\u00dacta<\/li><li>Naslouch\u00e1n\u00ed<\/li><li>Ticho<\/li><li>Sebeovl\u00e1d\u00e1n\u00ed<\/li><li>Nechat sv\u011bt venku<\/li><li>Soust\u0159ed\u011bn\u00ed<\/li><li>Pokora<\/li><\/ol>\n\n\n\n<hr class=\"wp-block-separator\"\/>\n","protected":false},"excerpt":{"rendered":"<p>M\u011bj \u00factu k \u017eivotu \u010c\u00ednsk\u00e9 bojov\u00e9 um\u011bn\u00ed se zrodilo pro ochranu \u017eivota. Pouze \u00factou k \u017eivotu lze dos\u00e1hnout pochopen\u00ed. Etika na prvn\u00edm m\u00edst\u011b Etika a discipl\u00edna dovoluje vytvo\u0159it vztahy mezi lidmi. V\u0161ichni lid\u00e9 tuto tradici mus\u00ed respektovat a nesm\u00ed ji nijak sni\u017eovat. Starej se o mor\u00e1ln\u00ed chov\u00e1n\u00ed Kdy\u017e vylep\u0161ujeme sv\u00e9 [&hellip;]<\/p>\n","protected":false},"author":1,"featured_media":151,"parent":48,"menu_order":0,"comment_status":"closed","ping_status":"closed","template":"","meta":[],"_links":{"self":[{"href":"https:\/\/www.yulong.cz\/index.php?rest_route=\/wp\/v2\/pages\/70"}],"collection":[{"href":"https:\/\/www.yulong.cz\/index.php?rest_route=\/wp\/v2\/pages"}],"about":[{"href":"https:\/\/www.yulong.cz\/index.php?rest_route=\/wp\/v2\/types\/page"}],"author":[{"embeddable":true,"href":"https:\/\/www.yulong.cz\/index.php?rest_route=\/wp\/v2\/users\/1"}],"replies":[{"embeddable":true,"href":"https:\/\/www.yulong.cz\/index.php?rest_route=%2Fwp%2Fv2%2Fcomments&post=70"}],"version-history":[{"count":1,"href":"https:\/\/www.yulong.cz\/index.php?rest_route=\/wp\/v2\/pages\/70\/revisions"}],"predecessor-version":[{"id":882,"href":"https:\/\/www.yulong.cz\/index.php?rest_route=\/wp\/v2\/pages\/70\/revisions\/882"}],"up":[{"embeddable":true,"href":"https:\/\/www.yulong.cz\/index.php?rest_route=\/wp\/v2\/pages\/48"}],"wp:featuredmedia":[{"embeddable":true,"href":"https:\/\/www.yulong.cz\/index.php?rest_route=\/wp\/v2\/media\/151"}],"wp:attachment":[{"href":"https:\/\/www.yulong.cz\/index.php?rest_route=%2Fwp%2Fv2%2Fmedia&parent=70"}],"curies":[{"name":"wp","href":"https:\/\/api.w.org\/{rel}","templated":true}]}}