{"id":48,"date":"2020-02-12T09:46:35","date_gmt":"2020-02-12T08:46:35","guid":{"rendered":"https:\/\/www.yulong.cz\/?page_id=48"},"modified":"2021-10-12T13:56:39","modified_gmt":"2021-10-12T11:56:39","slug":"akademie","status":"publish","type":"page","link":"https:\/\/www.yulong.cz\/?page_id=48","title":{"rendered":"Kung Fu Akademie Yulong"},"content":{"rendered":"\n<figure class=\"wp-block-table\"><table><tbody><tr><td class=\"has-text-align-center\" data-align=\"center\"><a href=\"https:\/\/www.yulong.cz\/?page_id=53\"><img loading=\"lazy\" width=\"80\" height=\"80\" src=\"http:\/\/www.yulong.cz\/wp-content\/uploads\/2020\/02\/ik_styl.png\" alt=\"\" class=\"wp-image-154\"><\/a><\/td><td class=\"has-text-align-center\" data-align=\"center\"><a href=\"https:\/\/www.yulong.cz\/?page_id=70\"><img loading=\"lazy\" width=\"90\" height=\"90\" src=\"http:\/\/www.yulong.cz\/wp-content\/uploads\/2020\/02\/ik_etika.png\" alt=\"\" class=\"wp-image-153\"><\/a><\/td><td class=\"has-text-align-center\" data-align=\"center\"><a href=\"https:\/\/www.yulong.cz\/?page_id=56\"><img loading=\"lazy\" src=\"http:\/\/www.yulong.cz\/wp-content\/uploads\/2020\/02\/ik_uspech.png\" alt=\"\" class=\"wp-image-155\" width=\"80\" height=\"80\"><\/a><\/td><\/tr><tr><td class=\"has-text-align-center\" data-align=\"center\"> <a href=\"https:\/\/www.yulong.cz\/?page_id=53\" data-type=\"page\" data-id=\"53\">styly &gt;<\/a> <\/td><td class=\"has-text-align-center\" data-align=\"center\"><a href=\"https:\/\/www.yulong.cz\/?page_id=70\"> etika &gt; <\/a><\/td><td class=\"has-text-align-center\" data-align=\"center\"> <a href=\"https:\/\/www.yulong.cz\/?page_id=56\" data-type=\"page\" data-id=\"56\">\u00fasp\u011bchy ><\/a> <\/td><\/tr><\/tbody><\/table><\/figure>\n\n\n\n<p> <br> <\/p>\n\n\n\n<p class=\"has-text-align-left\"><strong>Kung Fu Akademie Yulong d\u0159\u00edve vyu\u010dovala pod star\u00fdm n\u00e1zvem Moravsk\u00e1 Asociace Hung Gar. Od \u0159\u00edjna 2012 ale zm\u011bnila jm\u00e9no, aby zast\u0159e\u0161ila l\u00e9pe rozr\u016fstaj\u00edc\u00ed se nab\u00eddku kurz\u016f a styl\u016f.<\/strong><\/p>\n\n\n\n<p>\u0160kola se st\u00e1le soust\u0159ed\u00ed nejv\u00edce na v\u00fduku tradi\u010dn\u00edho jiho\u010d\u00ednsk\u00e9ho bojov\u00e9ho um\u011bn\u00ed Hung Gar (v\u00edce o n\u011bm ve Stylech), ale rozr\u016fst\u00e1 se tak\u00e9 o Tai Ji Quan stylu Chen, severn\u00ed Shaolin a do budoucna i o styl Qi Xing Tang Lang, tedy Kudlanku sedmi hv\u011bzd. Proto je tak\u00e9 v n\u00e1zvu slovo \u201eakademie\u201c, aby tak zast\u0159e\u0161oval nab\u00eddku v\u00edce styl\u016f. Mimo tyto kurzy nab\u00edz\u00edme samoz\u0159ejm\u011b tak\u00e9 hodiny Sanda, tedy \u010d\u00ednsk\u00e9ho z\u00e1pasu. Jsme \u0161kola tradi\u010dn\u00edho kung fu a proto je aplikace a sebeobrana na prvn\u00edch m\u00edstech na\u0161ich u\u010debn\u00edch c\u00edl\u016f.<\/p>\n\n\n\n<h2 class=\"has-text-align-center\"> Co se u n\u00e1s m\u016f\u017eete nau\u010dit? <\/h2>\n\n\n<ul>\n<li>teoretick\u00e9 z\u00e1klady tradi\u010dn\u00edho kung fu<\/li>\n<li>p\u011bstn\u00ed a zbra\u0148ov\u00e9 formy<\/li>\n<li>sparingov\u00e9 formy<\/li>\n<li>aplikace technik z forem<\/li>\n<li>hodov\u00e9, p\u00e1kov\u00e9 a chinna techniky<\/li>\n<li>drilov\u00e1 cvi\u010den\u00ed<\/li>\n<li>tradi\u010dn\u00ed posilovac\u00ed a otu\u017eovac\u00ed cvi\u010den\u00ed (lin gung)<\/li>\n<li>\u010dchi-kungov\u00e1 a medita\u010dn\u00ed cvi\u010den\u00ed<\/li>\n<li>z\u00e1klady tradi\u010dn\u00ed \u010d\u00ednsk\u00e9 prvn\u00ed pomoci<\/li>\n<li>etiku a mor\u00e1ln\u00ed z\u00e1klady kung fu<\/li>\n<\/ul>\n\n\n<div class=\"wp-block-group\"><div class=\"wp-block-group__inner-container\">\n<h2 class=\"has-text-align-center\">Co naopak nevyu\u010dujeme<\/h2>\n<\/div><\/div>\n\n\n\n<ul><li>n\u00e1sil\u00ed, rvan\u00ed se<\/li><li>modern\u00ed wu shu<\/li><li>jak\u00e9koliv n\u00e1bo\u017eenstv\u00ed<\/li><\/ul>\n\n\n\n<figure class=\"wp-block-pullquote alignwide\" style=\"border-color:#e52d0c\"><blockquote class=\"has-text-color has-accent-color\"><p> Pro\u010d Yulong? <\/p><cite>  Yulong znamen\u00e1 v \u010d\u00edn\u0161tin\u011b <strong>nefritov\u00fd drak<\/strong>. Drak je symbolem \u0161t\u011bst\u00ed,  moudrosti a s\u00edly. \u010c\u00ed\u0148an\u00e9 v\u011b\u0159\u00ed, \u017ee s\u00eddl\u00ed na nebes\u00edch, nebo v mo\u0159i a je tak\u00e9 nositelem de\u0161t\u011b. Pro studenty bojov\u00fdch um\u011bn\u00ed m\u00e1 drak velmi siln\u00fd v\u00fdznam, d\u00e1 se \u0159\u00edct, \u017ee bd\u00ed nad v\u0161emi, kte\u0159\u00ed se rozhodli studovat kung fu. Mocn\u011bj\u0161\u00edho, moud\u0159ej\u0161\u00edho, ale tak\u00e9 p\u0159\u00edsn\u011bj\u0161\u00edho patrona byste t\u011b\u017eko hledali. Nefrit byl ve star\u00e9 \u010c\u00edn\u011b cenn\u011bj\u0161\u00ed ne\u017e zlato a n\u00e1le\u017eel c\u00edsa\u0159i. P\u0159isuzuj\u00ed se mu l\u00e9\u010div\u00e9 \u00fa\u010dinky a v \u010d\u00ednsk\u00e9 filozofii symbolizuje u\u0161lechtil\u00e9ho \u010dlov\u011bka. <\/cite><\/blockquote><\/figure>\n\n\n\n<h3 class=\"has-text-align-center\">O historii \u0161koly<\/h3>\n\n\n\n<p>Na\u0161i \u0161kolu zalo\u017eil a dodnes vede sifu Ji\u0159\u00ed Hauska. Vznikla v roce 1995 jako odd\u00edl kung fu p\u016fvodn\u011b orientovan\u00fd na \u0161aolinsk\u00e9 imita\u010dn\u00ed zv\u00ed\u0159ec\u00ed styly a sportovn\u00ed wushu. P\u016fsobila v Brn\u011b pod TJ Sokol Brno &#8211; Tu\u0159any a pot\u00e9 pod DDM Lesn\u00e1. Na kvalitu v\u00fduky dohl\u00ed\u017eel sifu Robert M\u00fcller. Ji\u017e od sv\u00e9ho vzniku se aktivn\u011b \u00fa\u010dastn\u00ed ve\u0159ejn\u00e9ho \u017eivota po\u0159\u00e1d\u00e1n\u00edm vystoupen\u00ed na r\u016fzn\u00fdch akc\u00edch (d\u011btsk\u00e9 dny, ZOO&#8230;).<\/p>\n\n\n\n<p>Teprve pozd\u011bji se \u0161kola obrac\u00ed ke tradi\u010dn\u00edmu jiho\u0161aolinsk\u00e9mu stylu Hung Gar. Od roku 2000 se vyu\u010duje tento styl pod technick\u00fdm dozorem sifu Kostase Tsoligkase a \u0161kola se st\u00e1v\u00e1 \u010dlenem Evropsk\u00e9 federace Siu Lum Pai Hung Gar Kung Fu. Prob\u00edhaj\u00ed pravideln\u00e9 semin\u00e1\u0159e pro studenty i instruktory \u0161koly a to jak v Brn\u011b, tak v Ath\u00e9n\u00e1ch. \u0160kola rovn\u011b\u017e roz\u0161i\u0159uje svou p\u016fsobnost a otev\u00edr\u00e1 pobo\u010dky na DDM Vy\u0161kov (funguje dodnes), v Jedovnic\u00edch a v Podom\u00ed (pro nedostatek instruktor\u016f byly pozd\u011bji uzav\u0159eny). Prezentace \u0161koly na ve\u0159ejnosti se roz\u0161i\u0159uje o \u00fa\u010dast instruktor\u016f i student\u016f na sout\u011b\u017e\u00edch \u010cSFU a na exhibic\u00edch bojov\u00e9ho um\u011bn\u00ed (budoshow Brno, Moravsk\u00e9 Bud\u011bjovice, Pelh\u0159imov&#8230;).<\/p>\n\n\n\n<p>Od roku 2003 je \u0161kola ofici\u00e1ln\u011b evidov\u00e1na jako neziskov\u00e9 sdru\u017een\u00ed a p\u0159esidluje se do Horn\u00edch Her\u0161pic do b\u00fdval\u00e9ho kulturn\u00edho domu.<\/p>\n\n\n\n<p>V roce 2007 \u0161kola n\u00e1sleduje mistra Tang Tung Winga a st\u00e1v\u00e1 se \u010dlenem Tang\u00b4s International Hung Gar Kung Fu Association. S jeho pomoc\u00ed a veden\u00edm p\u0159ed\u00e1v\u00e1 sv\u00fdm student\u016fm kompletn\u00ed styl Hung Gar.<\/p>\n\n\n\n<p>B\u011bhem roku 2012 se pracuje na zm\u011bn\u00e1ch v syst\u00e9mech v\u00fduky a obrazu \u0161koly. Do tohoto p\u0159erodu je zapojena velk\u00e1 \u010d\u00e1st student\u016f a spole\u010dn\u00fdmi silami vznik\u00e1 na podzim Kung Fu Akademie Yulong, kter\u00e1 bude l\u00e9pe vyhovovat pot\u0159eb\u00e1m na\u0161ich student\u016f a tak\u00e9 nab\u00edzet i dal\u0161\u00ed styly, kter\u00fdm se v\u011bnujeme ji\u017e \u0159adu let, tentokr\u00e1t v\u0161ak pod jednou st\u0159echou akademie.<\/p>\n\n\n\n<figure class=\"wp-block-table\"><table><tbody><tr><td class=\"has-text-align-center\" data-align=\"center\"><a href=\"https:\/\/www.yulong.cz\/?page_id=53\"><img loading=\"lazy\" width=\"80\" height=\"80\" src=\"http:\/\/www.yulong.cz\/wp-content\/uploads\/2020\/02\/ik_styl.png\" alt=\"\" class=\"wp-image-154\"><\/a><\/td><td class=\"has-text-align-center\" data-align=\"center\"><a href=\"https:\/\/www.yulong.cz\/?page_id=70\"><img loading=\"lazy\" width=\"90\" height=\"90\" src=\"http:\/\/www.yulong.cz\/wp-content\/uploads\/2020\/02\/ik_etika.png\" alt=\"\" class=\"wp-image-153\"><\/a><\/td><td class=\"has-text-align-center\" data-align=\"center\"><a href=\"https:\/\/www.yulong.cz\/?page_id=56\"><img loading=\"lazy\" src=\"http:\/\/www.yulong.cz\/wp-content\/uploads\/2020\/02\/ik_uspech.png\" alt=\"\" class=\"wp-image-155\" width=\"80\" height=\"80\"><\/a><\/td><\/tr><tr><td class=\"has-text-align-center\" data-align=\"center\"> <a href=\"https:\/\/www.yulong.cz\/?page_id=53\" data-type=\"page\" data-id=\"53\">styly &gt;<\/a> <\/td><td class=\"has-text-align-center\" data-align=\"center\"><a href=\"https:\/\/www.yulong.cz\/?page_id=70\"> etika &gt; <\/a><\/td><td class=\"has-text-align-center\" data-align=\"center\"> <a href=\"https:\/\/www.yulong.cz\/?page_id=56\" data-type=\"page\" data-id=\"56\">\u00fasp\u011bchy ><\/a> <\/td><\/tr><\/tbody><\/table><\/figure>\n\n\n\n<p> <br> <\/p>\n","protected":false},"excerpt":{"rendered":"<p>Kung Fu Akademie Yulong d\u0159\u00edve vyu\u010dovala pod star\u00fdm n\u00e1zvem Moravsk\u00e1 Asociace Hung Gar. Od \u0159\u00edjna 2012 ale zm\u011bnila jm\u00e9no, aby zast\u0159e\u0161ila l\u00e9pe rozr\u016fstaj\u00edc\u00ed se nab\u00eddku kurz\u016f a styl\u016f. \u0160kola se st\u00e1le soust\u0159ed\u00ed nejv\u00edce na v\u00fduku tradi\u010dn\u00edho jiho\u010d\u00ednsk\u00e9ho bojov\u00e9ho um\u011bn\u00ed Hung Gar (v\u00edce o n\u011bm ve Stylech), ale rozr\u016fst\u00e1 se tak\u00e9 [&hellip;]<\/p>\n","protected":false},"author":1,"featured_media":145,"parent":0,"menu_order":0,"comment_status":"closed","ping_status":"closed","template":"","meta":[],"_links":{"self":[{"href":"https:\/\/www.yulong.cz\/index.php?rest_route=\/wp\/v2\/pages\/48"}],"collection":[{"href":"https:\/\/www.yulong.cz\/index.php?rest_route=\/wp\/v2\/pages"}],"about":[{"href":"https:\/\/www.yulong.cz\/index.php?rest_route=\/wp\/v2\/types\/page"}],"author":[{"embeddable":true,"href":"https:\/\/www.yulong.cz\/index.php?rest_route=\/wp\/v2\/users\/1"}],"replies":[{"embeddable":true,"href":"https:\/\/www.yulong.cz\/index.php?rest_route=%2Fwp%2Fv2%2Fcomments&post=48"}],"version-history":[{"count":0,"href":"https:\/\/www.yulong.cz\/index.php?rest_route=\/wp\/v2\/pages\/48\/revisions"}],"wp:featuredmedia":[{"embeddable":true,"href":"https:\/\/www.yulong.cz\/index.php?rest_route=\/wp\/v2\/media\/145"}],"wp:attachment":[{"href":"https:\/\/www.yulong.cz\/index.php?rest_route=%2Fwp%2Fv2%2Fmedia&parent=48"}],"curies":[{"name":"wp","href":"https:\/\/api.w.org\/{rel}","templated":true}]}}