{"id":40,"date":"2020-02-12T09:30:36","date_gmt":"2020-02-12T08:30:36","guid":{"rendered":"https:\/\/www.yulong.cz\/?page_id=40"},"modified":"2022-01-10T12:17:01","modified_gmt":"2022-01-10T11:17:01","slug":"home","status":"publish","type":"page","link":"https:\/\/www.yulong.cz\/","title":{"rendered":""},"content":{"rendered":"\n<div class=\"wp-block-columns\">\n<div class=\"wp-block-column\">\n<p> Yulong znamen\u00e1 v \u010d\u00edn\u0161tin\u011b nefritov\u00fd drak. Drak je symbolem \u0161t\u011bst\u00ed, moudrosti a s\u00edly. \u010c\u00ednan\u011b v\u011b\u0159\u00ed, \u017ee s\u00eddl\u00ed na nebes\u00edch, nebo v mo\u0159i a je tak\u00e9 nositelem de\u0161t\u011b. Pro studenty bojov\u00fdch um\u011bn\u00ed m\u00e1 drak velmi siln\u00fd v\u00fdznam, d\u00e1 se \u0159\u00edct, \u017ee bd\u00ed nad v\u0161emi,   kte\u0159\u00ed se rozhodli studovat kung fu. <\/p>\n<\/div>\n\n\n\n<div class=\"wp-block-column\">\n<p>  Mocn\u011bj\u0161\u00edho, moud\u0159ej\u0161\u00edho, ale tak\u00e9 p\u0159\u00edsn\u011bj\u0161\u00edho patrona byste t\u011b\u017eko hledali. <\/p>\n\n\n\n<p> Nefrit byl ve star\u00e9 \u010c\u00edn\u011b cenn\u011bj\u0161\u00ed ne\u017e zlato a n\u00e1le\u017eel c\u00edsa\u0159i. P\u0159isuzuj\u00ed se mu l\u00e9\u010div\u00e9 \u00fa\u010dinky a v \u010d\u00ednsk\u00e9 filozofii symbolizuje u\u0161lechtil\u00e9ho \u010dlov\u011bka. <\/p>\n<\/div>\n<\/div>\n\n\n\n<h2 class=\"has-text-align-center\">Hlavn\u00edm instruktorem je sifu Ji\u0159\u00ed Hauska <\/h2>\n\n\n\n<div class=\"wp-block-group\"><div class=\"wp-block-group__inner-container\">\n<div class=\"wp-block-columns\">\n<div class=\"wp-block-column\">\n<div class=\"wp-block-image\"><figure class=\"alignright size-large is-resized\"><img loading=\"lazy\" src=\"http:\/\/www.yulong.cz\/wp-content\/uploads\/2020\/02\/home1.jpg\" alt=\"Sifu Ji\u0159\u00ed Hauska WU-SHU\" class=\"wp-image-43\" width=\"180\" height=\"144\"\/><figcaption>Sifu Ji\u0159\u00ed Hauska WU-SHU<\/figcaption><\/figure><\/div>\n<\/div>\n\n\n\n<div class=\"wp-block-column\">\n<p>Bojov\u00e9mu um\u011bn\u00ed se v\u011bnuje od roku 1987<br>dvojn\u00e1sobn\u00fd mistr sv\u011bta<br>6. Duan<br>tren\u00e9r \u010desk\u00e9 reprezentace <\/p>\n<\/div>\n<\/div>\n<\/div><\/div>\n\n\n\n<p><\/p>\n\n\n\n<div class=\"wp-block-columns\">\n<div class=\"wp-block-column\">\n<h2 class=\"has-text-align-center\">Hung Gar<br>Kung fu<\/h2>\n\n\n\n<div class=\"wp-block-image\"><figure class=\"aligncenter size-large\"><img loading=\"lazy\" width=\"180\" height=\"125\" src=\"http:\/\/www.yulong.cz\/wp-content\/uploads\/2020\/02\/home2.jpg\" alt=\"\" class=\"wp-image-44\"\/><\/figure><\/div>\n\n\n\n<p>Tradi\u010dn\u00ed bojov\u00e9 um\u011bn\u00ed z&nbsp;ji\u017en\u00ed \u010c\u00edny, styl tygra a&nbsp;je\u0159\u00e1ba. Hung Gar spojuje m\u011bkk\u00e9 tvrd\u00e9, ostatn\u011b nejzn\u00e1m\u011bj\u0161\u00ed motto stylu je \u201etvrd\u00fd jako \u017eelezo, m\u011bkk\u00fd jako nit.&#8220;<\/p>\n<\/div>\n\n\n\n<div class=\"wp-block-column\">\n<h2 class=\"has-text-align-center\"> Tai Ji<br>Quan <\/h2>\n\n\n\n<div class=\"wp-block-image\"><figure class=\"aligncenter size-large\"><img loading=\"lazy\" width=\"180\" height=\"124\" src=\"http:\/\/www.yulong.cz\/wp-content\/uploads\/2020\/02\/home3-1.jpg\" alt=\"\" class=\"wp-image-192\"\/><\/figure><\/div>\n\n\n\n<p> Chen Tai Ji Quan vyu\u017e\u00edv\u00e1 princip\u016f \u010d\u00ednsk\u00e9 tradi\u010dn\u00ed medic\u00edny a m\u00e1 siln\u00e9 zdravotn\u00ed \u00fa\u010dinky. Tai ji je v\u0161ak p\u0159edev\u0161\u00edm bojov\u00fdm um\u011bn\u00edm, se sv\u00fdmi aplikacemi a$nbsp;metodami sebeobrany. <\/p>\n<\/div>\n\n\n\n<div class=\"wp-block-column\">\n<h2 class=\"has-text-align-center\">Kudlanka 7<br>hv\u011bzd<\/h2>\n\n\n\n<div class=\"wp-block-image\"><figure class=\"aligncenter size-full\"><img loading=\"lazy\" width=\"180\" height=\"124\" src=\"http:\/\/www.yulong.cz\/wp-content\/uploads\/2020\/02\/home4.jpg\" alt=\"\" class=\"wp-image-46\"\/><\/figure><\/div>\n\n\n\n<p>Kudlanka sedmi hv\u011bzd je velmi dynamick\u00fd styl, se sv\u00fdm bleskov\u00fdm \u00fatokem a&nbsp;nepolapitelnou obranou. V\u00fdborn\u011b se hod\u00ed pro boj nabl\u00edzko. <\/p>\n<\/div>\n\n\n\n<div class=\"wp-block-column\">\n<h2 class=\"has-text-align-center\">Kombatan Kali Presas<\/h2>\n\n\n\n<div class=\"wp-block-image\"><figure class=\"aligncenter size-full\"><img loading=\"lazy\" width=\"180\" height=\"124\" src=\"https:\/\/www.yulong.cz\/wp-content\/uploads\/2021\/10\/combatan.jpg\" alt=\"\" class=\"wp-image-814\"\/><\/figure><\/div>\n\n\n\n<p>Kombatan je filip\u00ednsk\u00e9 bojov\u00e9 um\u011bn\u00ed. Tento styl je zn\u00e1m\u00fd pro jeho doble baston techniky (techniky dvou hol\u00ed).<\/p>\n<\/div>\n<\/div>\n\n\n\n<p class=\"has-text-align-center has-text-color\" style=\"color:#e1e1e1\">D\u00e1le nab\u00edz\u00edme hodiny&nbsp;<a style=\"color: #ff3399;\" href=\"https:\/\/www.yulong.cz\/?page_id=68\">z\u00e1pasu &#8211; Sanda<\/a>..<br>Doporu\u010dujeme jako dopl\u0148ek k n\u011bkter\u00e9mu ze styl\u016f.<br>Sta\u010d\u00ed p\u0159ij\u00edt na prvn\u00ed&nbsp;<a style=\"color: #ff3399;\" href=\"https:\/\/www.yulong.cz\/?page_id=68\">tr\u00e9nink.<\/a> <\/p>\n","protected":false},"excerpt":{"rendered":"<p>Yulong znamen\u00e1 v \u010d\u00edn\u0161tin\u011b nefritov\u00fd drak. Drak je symbolem \u0161t\u011bst\u00ed, moudrosti a s\u00edly. \u010c\u00ednan\u011b v\u011b\u0159\u00ed, \u017ee s\u00eddl\u00ed na nebes\u00edch, nebo v mo\u0159i a je tak\u00e9 nositelem de\u0161t\u011b. Pro studenty bojov\u00fdch um\u011bn\u00ed m\u00e1 drak velmi siln\u00fd v\u00fdznam, d\u00e1 se \u0159\u00edct, \u017ee bd\u00ed nad v\u0161emi, kte\u0159\u00ed se rozhodli studovat kung fu. Mocn\u011bj\u0161\u00edho, [&hellip;]<\/p>\n","protected":false},"author":1,"featured_media":243,"parent":0,"menu_order":0,"comment_status":"closed","ping_status":"closed","template":"","meta":[],"_links":{"self":[{"href":"https:\/\/www.yulong.cz\/index.php?rest_route=\/wp\/v2\/pages\/40"}],"collection":[{"href":"https:\/\/www.yulong.cz\/index.php?rest_route=\/wp\/v2\/pages"}],"about":[{"href":"https:\/\/www.yulong.cz\/index.php?rest_route=\/wp\/v2\/types\/page"}],"author":[{"embeddable":true,"href":"https:\/\/www.yulong.cz\/index.php?rest_route=\/wp\/v2\/users\/1"}],"replies":[{"embeddable":true,"href":"https:\/\/www.yulong.cz\/index.php?rest_route=%2Fwp%2Fv2%2Fcomments&post=40"}],"version-history":[{"count":11,"href":"https:\/\/www.yulong.cz\/index.php?rest_route=\/wp\/v2\/pages\/40\/revisions"}],"predecessor-version":[{"id":3101,"href":"https:\/\/www.yulong.cz\/index.php?rest_route=\/wp\/v2\/pages\/40\/revisions\/3101"}],"wp:featuredmedia":[{"embeddable":true,"href":"https:\/\/www.yulong.cz\/index.php?rest_route=\/wp\/v2\/media\/243"}],"wp:attachment":[{"href":"https:\/\/www.yulong.cz\/index.php?rest_route=%2Fwp%2Fv2%2Fmedia&parent=40"}],"curies":[{"name":"wp","href":"https:\/\/api.w.org\/{rel}","templated":true}]}}