{"id":383,"date":"2020-09-09T09:13:18","date_gmt":"2020-09-09T07:13:18","guid":{"rendered":"https:\/\/www.yulong.cz\/?page_id=383"},"modified":"2020-09-10T12:03:36","modified_gmt":"2020-09-10T10:03:36","slug":"video-galerie","status":"publish","type":"page","link":"https:\/\/www.yulong.cz\/?page_id=383","title":{"rendered":"VIDEO-galerie"},"content":{"rendered":"\n<figure class=\"wp-block-table\"><table><tbody><tr><td class=\"has-text-align-center\" data-align=\"center\"><a href=\"https:\/\/www.yulong.cz\/?page_id=389\" data-type=\"page\" data-id=\"389\">FOTO<\/a><\/td><td class=\"has-text-align-center\" data-align=\"center\"><a href=\"https:\/\/www.yulong.cz\/?page_id=383\" data-type=\"page\" data-id=\"383\">VIDEO<\/a><\/td><\/tr><tr><td class=\"has-text-align-center\" data-align=\"center\"><a href=\"https:\/\/www.yulong.cz\/?page_id=389\" data-type=\"page\" data-id=\"389\"><img loading=\"lazy\" width=\"72\" height=\"71\" src=\"http:\/\/www.yulong.cz\/wp-content\/uploads\/2020\/09\/ik_fotky.png\" alt=\"\" class=\"wp-image-375\"><\/a><\/td><td class=\"has-text-align-center\" data-align=\"center\"><a href=\"https:\/\/www.yulong.cz\/?page_id=383\" data-type=\"page\" data-id=\"383\"><img loading=\"lazy\" width=\"72\" height=\"71\" src=\"http:\/\/www.yulong.cz\/wp-content\/uploads\/2020\/09\/ik_videa.png\" alt=\"\" class=\"wp-image-374\"><\/a><\/td><\/tr><\/tbody><\/table><\/figure>\n\n\n\n<div class=\"wp-block-columns\">\n<div class=\"wp-block-column\">\n<div class=\"wp-block-image alignleft size-large is-resized\"><figure class=\"alignleft\"><a href=\"https:\/\/www.youtube.com\/watch?v=nR3OnwLVMoE&amp;feature=emb_imp_woyt\"><img loading=\"lazy\" width=\"947\" height=\"583\" src=\"http:\/\/www.yulong.cz\/wp-content\/uploads\/2020\/09\/video1.jpg\" alt=\"\" class=\"wp-image-369\" srcset=\"https:\/\/www.yulong.cz\/wp-content\/uploads\/2020\/09\/video1.jpg 947w, https:\/\/www.yulong.cz\/wp-content\/uploads\/2020\/09\/video1-300x185.jpg 300w, https:\/\/www.yulong.cz\/wp-content\/uploads\/2020\/09\/video1-768x473.jpg 768w\" sizes=\"(max-width: 947px) 100vw, 947px\" \/><\/a><figcaption><a rel=\"noreferrer noopener\" href=\"https:\/\/www.youtube.com\/watch?v=nR3OnwLVMoE&amp;feature=emb_imp_woyt\" target=\"_blank\">Vzpom\u00ednkov\u00e9 ohl\u00e9dnut\u00ed &#8211; prvn\u00ed otev\u0159en\u00ed t\u011blocvi\u010dny 2010 &gt;&gt;<\/a><\/figcaption><\/figure><\/div>\n\n\n\n<figure class=\"wp-block-image size-large\"><a href=\"https:\/\/www.youtube.com\/watch?v=bUJtWPH64Sc&amp;feature=emb_imp_woyt\"><img loading=\"lazy\" width=\"903\" height=\"626\" src=\"http:\/\/www.yulong.cz\/wp-content\/uploads\/2020\/09\/video4.jpg\" alt=\"\" class=\"wp-image-411\" srcset=\"https:\/\/www.yulong.cz\/wp-content\/uploads\/2020\/09\/video4.jpg 903w, https:\/\/www.yulong.cz\/wp-content\/uploads\/2020\/09\/video4-300x208.jpg 300w, https:\/\/www.yulong.cz\/wp-content\/uploads\/2020\/09\/video4-768x532.jpg 768w\" sizes=\"(max-width: 903px) 100vw, 903px\" \/><\/a><figcaption><a href=\"https:\/\/www.youtube.com\/watch?v=bUJtWPH64Sc&amp;feature=emb_imp_woyt\">China 2012<\/a><\/figcaption><\/figure>\n\n\n\n<figure class=\"wp-block-image size-large\"><img loading=\"lazy\" width=\"422\" height=\"266\" src=\"http:\/\/www.yulong.cz\/wp-content\/uploads\/2020\/09\/video7.jpg\" alt=\"\" class=\"wp-image-419\" srcset=\"https:\/\/www.yulong.cz\/wp-content\/uploads\/2020\/09\/video7.jpg 422w, https:\/\/www.yulong.cz\/wp-content\/uploads\/2020\/09\/video7-300x189.jpg 300w\" sizes=\"(max-width: 422px) 100vw, 422px\" \/><figcaption><a rel=\"noreferrer noopener\" target=\"_blank\" href=\"https:\/\/www.youtube.com\/watch?v=O9nnY7sRR-U\">Hung Gar Chorvatsko 2011<\/a> >><\/figcaption><\/figure>\n\n\n\n<p><\/p>\n<\/div>\n\n\n\n<div class=\"wp-block-column\">\n<div class=\"wp-block-image alignleft size-large is-resized\"><figure class=\"alignleft\"><a href=\"https:\/\/www.youtube.com\/watch?v=UEHsleajWAE&amp;feature=emb_imp_woyt\"><img loading=\"lazy\" width=\"829\" height=\"545\" src=\"http:\/\/www.yulong.cz\/wp-content\/uploads\/2020\/09\/silvestr_2012.jpg\" alt=\"\" class=\"wp-image-384\" srcset=\"https:\/\/www.yulong.cz\/wp-content\/uploads\/2020\/09\/silvestr_2012.jpg 829w, https:\/\/www.yulong.cz\/wp-content\/uploads\/2020\/09\/silvestr_2012-300x197.jpg 300w, https:\/\/www.yulong.cz\/wp-content\/uploads\/2020\/09\/silvestr_2012-768x505.jpg 768w\" sizes=\"(max-width: 829px) 100vw, 829px\" \/><\/a><figcaption><a rel=\"noreferrer noopener\" href=\"http:\/\/Silvestrovsk\u00fd tr\u00e9nink yulong.cz 31.12.2012\" target=\"_blank\">Silvestrovsk\u00fd tr\u00e9nink Yulong 31. 12. 2012 &gt;&gt;<\/a><\/figcaption><\/figure><\/div>\n\n\n\n<figure class=\"wp-block-image size-large\"><a href=\"https:\/\/www.youtube.com\/watch?v=O2F-PLMAc5E&amp;feature=emb_imp_woyt\"><img loading=\"lazy\" width=\"472\" height=\"290\" src=\"http:\/\/www.yulong.cz\/wp-content\/uploads\/2020\/09\/video5.jpg\" alt=\"\" class=\"wp-image-413\" srcset=\"https:\/\/www.yulong.cz\/wp-content\/uploads\/2020\/09\/video5.jpg 472w, https:\/\/www.yulong.cz\/wp-content\/uploads\/2020\/09\/video5-300x184.jpg 300w\" sizes=\"(max-width: 472px) 100vw, 472px\" \/><\/a><figcaption><a href=\"https:\/\/www.youtube.com\/watch?v=O2F-PLMAc5E&amp;feature=emb_imp_woyt\" data-type=\"URL\" data-id=\"https:\/\/www.youtube.com\/watch?v=O2F-PLMAc5E&amp;feature=emb_imp_woyt\">World Traditional Wushu Championship 2012 >><\/a><\/figcaption><\/figure>\n\n\n\n<figure class=\"wp-block-image size-large\"><img loading=\"lazy\" width=\"929\" height=\"580\" src=\"http:\/\/www.yulong.cz\/wp-content\/uploads\/2020\/09\/video8.jpg\" alt=\"\" class=\"wp-image-420\" srcset=\"https:\/\/www.yulong.cz\/wp-content\/uploads\/2020\/09\/video8.jpg 929w, https:\/\/www.yulong.cz\/wp-content\/uploads\/2020\/09\/video8-300x187.jpg 300w, https:\/\/www.yulong.cz\/wp-content\/uploads\/2020\/09\/video8-768x479.jpg 768w\" sizes=\"(max-width: 929px) 100vw, 929px\" \/><figcaption>Semin\u00e1\u0159 s mistrem Tang Tung Wingem 2011<\/figcaption><\/figure>\n<\/div>\n\n\n\n<div class=\"wp-block-column\">\n<div class=\"wp-block-image\"><figure class=\"alignleft size-large is-resized\"><a href=\"https:\/\/www.youtube.com\/watch?v=Kz3pkud0Dho&amp;feature=emb_imp_woyt\"><img loading=\"lazy\" src=\"http:\/\/www.yulong.cz\/wp-content\/uploads\/2020\/09\/video3.jpg\" alt=\"\" class=\"wp-image-405\" width=\"165\" height=\"117\" srcset=\"https:\/\/www.yulong.cz\/wp-content\/uploads\/2020\/09\/video3.jpg 821w, https:\/\/www.yulong.cz\/wp-content\/uploads\/2020\/09\/video3-300x213.jpg 300w, https:\/\/www.yulong.cz\/wp-content\/uploads\/2020\/09\/video3-768x544.jpg 768w\" sizes=\"(max-width: 165px) 100vw, 165px\" \/><\/a><figcaption><a href=\"https:\/\/www.youtube.com\/watch?v=Kz3pkud0Dho&amp;feature=emb_imp_woyt\">Yulong Chorvatsko 2013 &gt;&gt;<\/a><\/figcaption><\/figure><\/div>\n\n\n\n<figure class=\"wp-block-image size-large\"><img loading=\"lazy\" width=\"409\" height=\"263\" src=\"http:\/\/www.yulong.cz\/wp-content\/uploads\/2020\/09\/video6.jpg\" alt=\"\" class=\"wp-image-415\" srcset=\"https:\/\/www.yulong.cz\/wp-content\/uploads\/2020\/09\/video6.jpg 409w, https:\/\/www.yulong.cz\/wp-content\/uploads\/2020\/09\/video6-300x193.jpg 300w\" sizes=\"(max-width: 409px) 100vw, 409px\" \/><figcaption>V\u00fdro\u010d\u00ed narozen\u00ed Lam Sai Winga, 2011<\/figcaption><\/figure>\n\n\n\n<figure class=\"wp-block-image size-large\"><img loading=\"lazy\" width=\"899\" height=\"616\" src=\"http:\/\/www.yulong.cz\/wp-content\/uploads\/2020\/09\/video9.jpg\" alt=\"Chorvatsko Yulong\" class=\"wp-image-421\" srcset=\"https:\/\/www.yulong.cz\/wp-content\/uploads\/2020\/09\/video9.jpg 899w, https:\/\/www.yulong.cz\/wp-content\/uploads\/2020\/09\/video9-300x206.jpg 300w, https:\/\/www.yulong.cz\/wp-content\/uploads\/2020\/09\/video9-768x526.jpg 768w\" sizes=\"(max-width: 899px) 100vw, 899px\" \/><figcaption>Chorvatsko Yulong<\/figcaption><\/figure>\n<\/div>\n<\/div>\n\n\n\n<p><\/p>\n","protected":false},"excerpt":{"rendered":"<p>FOTO VIDEO<\/p>\n","protected":false},"author":1,"featured_media":369,"parent":270,"menu_order":0,"comment_status":"closed","ping_status":"closed","template":"","meta":[],"_links":{"self":[{"href":"https:\/\/www.yulong.cz\/index.php?rest_route=\/wp\/v2\/pages\/383"}],"collection":[{"href":"https:\/\/www.yulong.cz\/index.php?rest_route=\/wp\/v2\/pages"}],"about":[{"href":"https:\/\/www.yulong.cz\/index.php?rest_route=\/wp\/v2\/types\/page"}],"author":[{"embeddable":true,"href":"https:\/\/www.yulong.cz\/index.php?rest_route=\/wp\/v2\/users\/1"}],"replies":[{"embeddable":true,"href":"https:\/\/www.yulong.cz\/index.php?rest_route=%2Fwp%2Fv2%2Fcomments&post=383"}],"version-history":[{"count":0,"href":"https:\/\/www.yulong.cz\/index.php?rest_route=\/wp\/v2\/pages\/383\/revisions"}],"up":[{"embeddable":true,"href":"https:\/\/www.yulong.cz\/index.php?rest_route=\/wp\/v2\/pages\/270"}],"wp:featuredmedia":[{"embeddable":true,"href":"https:\/\/www.yulong.cz\/index.php?rest_route=\/wp\/v2\/media\/369"}],"wp:attachment":[{"href":"https:\/\/www.yulong.cz\/index.php?rest_route=%2Fwp%2Fv2%2Fmedia&parent=383"}],"curies":[{"name":"wp","href":"https:\/\/api.w.org\/{rel}","templated":true}]}}