{"id":270,"date":"2020-02-18T11:19:10","date_gmt":"2020-02-18T10:19:10","guid":{"rendered":"https:\/\/www.yulong.cz\/?page_id=270"},"modified":"2022-01-04T13:40:10","modified_gmt":"2022-01-04T12:40:10","slug":"galerie","status":"publish","type":"page","link":"https:\/\/www.yulong.cz\/?page_id=270","title":{"rendered":"GALERIE"},"content":{"rendered":"\n<figure class=\"wp-block-table\"><table><tbody><tr><td class=\"has-text-align-center\" data-align=\"center\"><a href=\"https:\/\/www.yulong.cz\/?page_id=389\" data-type=\"page\" data-id=\"389\">FOTO<\/a><\/td><td class=\"has-text-align-center\" data-align=\"center\"><a href=\"https:\/\/www.yulong.cz\/?page_id=383\" data-type=\"page\" data-id=\"383\">VIDEO<\/a><\/td><\/tr><tr><td class=\"has-text-align-center\" data-align=\"center\"><a href=\"https:\/\/www.yulong.cz\/?page_id=389\" data-type=\"page\" data-id=\"389\"><img loading=\"lazy\" width=\"72\" height=\"71\" src=\"http:\/\/www.yulong.cz\/wp-content\/uploads\/2020\/09\/ik_fotky.png\" alt=\"\" class=\"wp-image-375\"><\/a><\/td><td class=\"has-text-align-center\" data-align=\"center\"><a href=\"https:\/\/www.yulong.cz\/?page_id=383\" data-type=\"page\" data-id=\"383\"><img loading=\"lazy\" width=\"72\" height=\"71\" src=\"http:\/\/www.yulong.cz\/wp-content\/uploads\/2020\/09\/ik_videa.png\" alt=\"\" class=\"wp-image-374\"><\/a><\/td><\/tr><\/tbody><\/table><\/figure>\n\n\n\n<h2 class=\"has-text-align-center\">V\u00fdb\u011br 2021<\/h2>\n\n\n\n<figure class=\"wp-block-gallery columns-3 is-cropped\"><ul class=\"blocks-gallery-grid\"><li class=\"blocks-gallery-item\"><figure><img loading=\"lazy\" width=\"638\" height=\"960\" src=\"https:\/\/www.yulong.cz\/wp-content\/uploads\/2022\/01\/270131196_2045158562310832_7576010717806371702_n.jpg\" alt=\"\" data-id=\"1966\" data-full-url=\"https:\/\/www.yulong.cz\/wp-content\/uploads\/2022\/01\/270131196_2045158562310832_7576010717806371702_n.jpg\" data-link=\"https:\/\/www.yulong.cz\/?attachment_id=1966\" class=\"wp-image-1966\" srcset=\"https:\/\/www.yulong.cz\/wp-content\/uploads\/2022\/01\/270131196_2045158562310832_7576010717806371702_n.jpg 638w, https:\/\/www.yulong.cz\/wp-content\/uploads\/2022\/01\/270131196_2045158562310832_7576010717806371702_n-199x300.jpg 199w\" sizes=\"(max-width: 638px) 100vw, 638px\" \/><\/figure><\/li><li class=\"blocks-gallery-item\"><figure><img loading=\"lazy\" width=\"640\" height=\"960\" src=\"https:\/\/www.yulong.cz\/wp-content\/uploads\/2022\/01\/270117872_2045157252310963_7902571053223054680_n.jpg\" alt=\"\" data-id=\"1965\" data-full-url=\"https:\/\/www.yulong.cz\/wp-content\/uploads\/2022\/01\/270117872_2045157252310963_7902571053223054680_n.jpg\" data-link=\"https:\/\/www.yulong.cz\/?attachment_id=1965\" class=\"wp-image-1965\" srcset=\"https:\/\/www.yulong.cz\/wp-content\/uploads\/2022\/01\/270117872_2045157252310963_7902571053223054680_n.jpg 640w, https:\/\/www.yulong.cz\/wp-content\/uploads\/2022\/01\/270117872_2045157252310963_7902571053223054680_n-200x300.jpg 200w\" sizes=\"(max-width: 640px) 100vw, 640px\" \/><\/figure><\/li><li class=\"blocks-gallery-item\"><figure><img loading=\"lazy\" width=\"960\" height=\"720\" src=\"https:\/\/www.yulong.cz\/wp-content\/uploads\/2022\/01\/270034063_2045157372310951_5938013955820033960_n.jpg\" alt=\"\" data-id=\"1964\" data-full-url=\"https:\/\/www.yulong.cz\/wp-content\/uploads\/2022\/01\/270034063_2045157372310951_5938013955820033960_n.jpg\" data-link=\"https:\/\/www.yulong.cz\/?attachment_id=1964\" class=\"wp-image-1964\" srcset=\"https:\/\/www.yulong.cz\/wp-content\/uploads\/2022\/01\/270034063_2045157372310951_5938013955820033960_n.jpg 960w, https:\/\/www.yulong.cz\/wp-content\/uploads\/2022\/01\/270034063_2045157372310951_5938013955820033960_n-300x225.jpg 300w, https:\/\/www.yulong.cz\/wp-content\/uploads\/2022\/01\/270034063_2045157372310951_5938013955820033960_n-768x576.jpg 768w\" sizes=\"(max-width: 960px) 100vw, 960px\" \/><\/figure><\/li><li class=\"blocks-gallery-item\"><figure><img loading=\"lazy\" width=\"960\" height=\"720\" src=\"https:\/\/www.yulong.cz\/wp-content\/uploads\/2022\/01\/271050060_2045156818977673_6769198460832221449_n.jpg\" alt=\"\" data-id=\"1968\" data-full-url=\"https:\/\/www.yulong.cz\/wp-content\/uploads\/2022\/01\/271050060_2045156818977673_6769198460832221449_n.jpg\" data-link=\"https:\/\/www.yulong.cz\/?attachment_id=1968\" class=\"wp-image-1968\" srcset=\"https:\/\/www.yulong.cz\/wp-content\/uploads\/2022\/01\/271050060_2045156818977673_6769198460832221449_n.jpg 960w, https:\/\/www.yulong.cz\/wp-content\/uploads\/2022\/01\/271050060_2045156818977673_6769198460832221449_n-300x225.jpg 300w, https:\/\/www.yulong.cz\/wp-content\/uploads\/2022\/01\/271050060_2045156818977673_6769198460832221449_n-768x576.jpg 768w\" sizes=\"(max-width: 960px) 100vw, 960px\" \/><\/figure><\/li><li class=\"blocks-gallery-item\"><figure><img loading=\"lazy\" width=\"960\" height=\"718\" src=\"https:\/\/www.yulong.cz\/wp-content\/uploads\/2022\/01\/271053533_2045158475644174_1400333544460163852_n.jpg\" alt=\"\" data-id=\"1969\" data-full-url=\"https:\/\/www.yulong.cz\/wp-content\/uploads\/2022\/01\/271053533_2045158475644174_1400333544460163852_n.jpg\" data-link=\"https:\/\/www.yulong.cz\/?attachment_id=1969\" class=\"wp-image-1969\" srcset=\"https:\/\/www.yulong.cz\/wp-content\/uploads\/2022\/01\/271053533_2045158475644174_1400333544460163852_n.jpg 960w, https:\/\/www.yulong.cz\/wp-content\/uploads\/2022\/01\/271053533_2045158475644174_1400333544460163852_n-300x224.jpg 300w, https:\/\/www.yulong.cz\/wp-content\/uploads\/2022\/01\/271053533_2045158475644174_1400333544460163852_n-768x574.jpg 768w\" sizes=\"(max-width: 960px) 100vw, 960px\" \/><\/figure><\/li><li class=\"blocks-gallery-item\"><figure><img loading=\"lazy\" width=\"960\" height=\"618\" src=\"https:\/\/www.yulong.cz\/wp-content\/uploads\/2022\/01\/270721447_2045157142310974_8763120095491886362_n.jpg\" alt=\"\" data-id=\"1967\" data-full-url=\"https:\/\/www.yulong.cz\/wp-content\/uploads\/2022\/01\/270721447_2045157142310974_8763120095491886362_n.jpg\" data-link=\"https:\/\/www.yulong.cz\/?attachment_id=1967\" class=\"wp-image-1967\" srcset=\"https:\/\/www.yulong.cz\/wp-content\/uploads\/2022\/01\/270721447_2045157142310974_8763120095491886362_n.jpg 960w, https:\/\/www.yulong.cz\/wp-content\/uploads\/2022\/01\/270721447_2045157142310974_8763120095491886362_n-300x193.jpg 300w, https:\/\/www.yulong.cz\/wp-content\/uploads\/2022\/01\/270721447_2045157142310974_8763120095491886362_n-768x494.jpg 768w\" sizes=\"(max-width: 960px) 100vw, 960px\" \/><\/figure><\/li><li class=\"blocks-gallery-item\"><figure><img loading=\"lazy\" width=\"960\" height=\"720\" src=\"https:\/\/www.yulong.cz\/wp-content\/uploads\/2022\/01\/271137546_2045157112310977_3809131862795597323_n.jpg\" alt=\"\" data-id=\"1970\" data-full-url=\"https:\/\/www.yulong.cz\/wp-content\/uploads\/2022\/01\/271137546_2045157112310977_3809131862795597323_n.jpg\" data-link=\"https:\/\/www.yulong.cz\/?attachment_id=1970\" class=\"wp-image-1970\" srcset=\"https:\/\/www.yulong.cz\/wp-content\/uploads\/2022\/01\/271137546_2045157112310977_3809131862795597323_n.jpg 960w, https:\/\/www.yulong.cz\/wp-content\/uploads\/2022\/01\/271137546_2045157112310977_3809131862795597323_n-300x225.jpg 300w, https:\/\/www.yulong.cz\/wp-content\/uploads\/2022\/01\/271137546_2045157112310977_3809131862795597323_n-768x576.jpg 768w\" sizes=\"(max-width: 960px) 100vw, 960px\" \/><\/figure><\/li><li class=\"blocks-gallery-item\"><figure><img loading=\"lazy\" width=\"720\" height=\"960\" src=\"https:\/\/www.yulong.cz\/wp-content\/uploads\/2022\/01\/271154506_2045158522310836_8678308642698471185_n.jpg\" alt=\"\" data-id=\"1971\" data-full-url=\"https:\/\/www.yulong.cz\/wp-content\/uploads\/2022\/01\/271154506_2045158522310836_8678308642698471185_n.jpg\" data-link=\"https:\/\/www.yulong.cz\/?attachment_id=1971\" class=\"wp-image-1971\" srcset=\"https:\/\/www.yulong.cz\/wp-content\/uploads\/2022\/01\/271154506_2045158522310836_8678308642698471185_n.jpg 720w, https:\/\/www.yulong.cz\/wp-content\/uploads\/2022\/01\/271154506_2045158522310836_8678308642698471185_n-225x300.jpg 225w\" sizes=\"(max-width: 720px) 100vw, 720px\" \/><\/figure><\/li><\/ul><\/figure>\n\n\n\n<h2 class=\"has-text-align-center\">v\u00fdb\u011br 2020<\/h2>\n\n\n\n<figure class=\"wp-block-gallery columns-4 is-cropped\"><ul class=\"blocks-gallery-grid\"><li class=\"blocks-gallery-item\"><figure><img loading=\"lazy\" width=\"620\" height=\"601\" src=\"http:\/\/www.yulong.cz\/wp-content\/uploads\/2020\/09\/IMG_20191214_210018.jpg\" alt=\"\" data-id=\"396\" data-full-url=\"http:\/\/www.yulong.cz\/wp-content\/uploads\/2020\/09\/IMG_20191214_210018.jpg\" data-link=\"https:\/\/www.yulong.cz\/?attachment_id=396\" class=\"wp-image-396\" srcset=\"https:\/\/www.yulong.cz\/wp-content\/uploads\/2020\/09\/IMG_20191214_210018.jpg 620w, https:\/\/www.yulong.cz\/wp-content\/uploads\/2020\/09\/IMG_20191214_210018-300x291.jpg 300w\" sizes=\"(max-width: 620px) 100vw, 620px\" \/><\/figure><\/li><li class=\"blocks-gallery-item\"><figure><img loading=\"lazy\" width=\"600\" height=\"487\" src=\"http:\/\/www.yulong.cz\/wp-content\/uploads\/2020\/02\/guro.jpg\" alt=\"\" data-id=\"283\" data-full-url=\"http:\/\/www.yulong.cz\/wp-content\/uploads\/2020\/02\/guro.jpg\" data-link=\"https:\/\/www.yulong.cz\/?attachment_id=283\" class=\"wp-image-283\" srcset=\"https:\/\/www.yulong.cz\/wp-content\/uploads\/2020\/02\/guro.jpg 600w, https:\/\/www.yulong.cz\/wp-content\/uploads\/2020\/02\/guro-300x244.jpg 300w\" sizes=\"(max-width: 600px) 100vw, 600px\" \/><\/figure><\/li><li class=\"blocks-gallery-item\"><figure><img loading=\"lazy\" width=\"688\" height=\"330\" src=\"http:\/\/www.yulong.cz\/wp-content\/uploads\/2020\/02\/guro3.jpg\" alt=\"\" data-id=\"285\" data-full-url=\"http:\/\/www.yulong.cz\/wp-content\/uploads\/2020\/02\/guro3.jpg\" data-link=\"https:\/\/www.yulong.cz\/?attachment_id=285\" class=\"wp-image-285\" srcset=\"https:\/\/www.yulong.cz\/wp-content\/uploads\/2020\/02\/guro3.jpg 688w, https:\/\/www.yulong.cz\/wp-content\/uploads\/2020\/02\/guro3-300x144.jpg 300w\" sizes=\"(max-width: 688px) 100vw, 688px\" \/><\/figure><\/li><li class=\"blocks-gallery-item\"><figure><img loading=\"lazy\" width=\"1024\" height=\"681\" src=\"http:\/\/www.yulong.cz\/wp-content\/uploads\/2020\/09\/DSC_0039-1024x681.jpg\" alt=\"ole\u0161nice 2020\" data-id=\"343\" data-full-url=\"http:\/\/www.yulong.cz\/wp-content\/uploads\/2020\/09\/DSC_0039-scaled.jpg\" data-link=\"https:\/\/www.yulong.cz\/?attachment_id=343\" class=\"wp-image-343\" srcset=\"https:\/\/www.yulong.cz\/wp-content\/uploads\/2020\/09\/DSC_0039-1024x681.jpg 1024w, https:\/\/www.yulong.cz\/wp-content\/uploads\/2020\/09\/DSC_0039-300x199.jpg 300w, https:\/\/www.yulong.cz\/wp-content\/uploads\/2020\/09\/DSC_0039-768x511.jpg 768w, https:\/\/www.yulong.cz\/wp-content\/uploads\/2020\/09\/DSC_0039-1536x1021.jpg 1536w, https:\/\/www.yulong.cz\/wp-content\/uploads\/2020\/09\/DSC_0039-2048x1362.jpg 2048w, https:\/\/www.yulong.cz\/wp-content\/uploads\/2020\/09\/DSC_0039-360x240.jpg 360w\" sizes=\"(max-width: 1024px) 100vw, 1024px\" \/><figcaption class=\"blocks-gallery-item__caption\">ole\u0161nice 2020<\/figcaption><\/figure><\/li><li class=\"blocks-gallery-item\"><figure><img loading=\"lazy\" width=\"620\" height=\"412\" src=\"http:\/\/www.yulong.cz\/wp-content\/uploads\/2020\/09\/206-2.jpg\" alt=\"\" data-id=\"397\" data-full-url=\"http:\/\/www.yulong.cz\/wp-content\/uploads\/2020\/09\/206-2.jpg\" data-link=\"https:\/\/www.yulong.cz\/?attachment_id=397\" class=\"wp-image-397\" srcset=\"https:\/\/www.yulong.cz\/wp-content\/uploads\/2020\/09\/206-2.jpg 620w, https:\/\/www.yulong.cz\/wp-content\/uploads\/2020\/09\/206-2-300x199.jpg 300w, https:\/\/www.yulong.cz\/wp-content\/uploads\/2020\/09\/206-2-360x240.jpg 360w\" sizes=\"(max-width: 620px) 100vw, 620px\" \/><\/figure><\/li><li class=\"blocks-gallery-item\"><figure><img loading=\"lazy\" width=\"1024\" height=\"681\" src=\"http:\/\/www.yulong.cz\/wp-content\/uploads\/2020\/09\/DSC_0013-1024x681.jpg\" alt=\"\" data-id=\"344\" data-full-url=\"http:\/\/www.yulong.cz\/wp-content\/uploads\/2020\/09\/DSC_0013-scaled.jpg\" data-link=\"https:\/\/www.yulong.cz\/?attachment_id=344\" class=\"wp-image-344\" srcset=\"https:\/\/www.yulong.cz\/wp-content\/uploads\/2020\/09\/DSC_0013-1024x681.jpg 1024w, https:\/\/www.yulong.cz\/wp-content\/uploads\/2020\/09\/DSC_0013-300x199.jpg 300w, https:\/\/www.yulong.cz\/wp-content\/uploads\/2020\/09\/DSC_0013-768x511.jpg 768w, https:\/\/www.yulong.cz\/wp-content\/uploads\/2020\/09\/DSC_0013-1536x1021.jpg 1536w, https:\/\/www.yulong.cz\/wp-content\/uploads\/2020\/09\/DSC_0013-2048x1362.jpg 2048w, https:\/\/www.yulong.cz\/wp-content\/uploads\/2020\/09\/DSC_0013-360x240.jpg 360w\" sizes=\"(max-width: 1024px) 100vw, 1024px\" \/><\/figure><\/li><\/ul><\/figure>\n","protected":false},"excerpt":{"rendered":"<p>FOTO VIDEO V\u00fdb\u011br 2021 v\u00fdb\u011br 2020<\/p>\n","protected":false},"author":1,"featured_media":925,"parent":0,"menu_order":0,"comment_status":"closed","ping_status":"closed","template":"","meta":[],"_links":{"self":[{"href":"https:\/\/www.yulong.cz\/index.php?rest_route=\/wp\/v2\/pages\/270"}],"collection":[{"href":"https:\/\/www.yulong.cz\/index.php?rest_route=\/wp\/v2\/pages"}],"about":[{"href":"https:\/\/www.yulong.cz\/index.php?rest_route=\/wp\/v2\/types\/page"}],"author":[{"embeddable":true,"href":"https:\/\/www.yulong.cz\/index.php?rest_route=\/wp\/v2\/users\/1"}],"replies":[{"embeddable":true,"href":"https:\/\/www.yulong.cz\/index.php?rest_route=%2Fwp%2Fv2%2Fcomments&post=270"}],"version-history":[{"count":3,"href":"https:\/\/www.yulong.cz\/index.php?rest_route=\/wp\/v2\/pages\/270\/revisions"}],"predecessor-version":[{"id":1974,"href":"https:\/\/www.yulong.cz\/index.php?rest_route=\/wp\/v2\/pages\/270\/revisions\/1974"}],"wp:featuredmedia":[{"embeddable":true,"href":"https:\/\/www.yulong.cz\/index.php?rest_route=\/wp\/v2\/media\/925"}],"wp:attachment":[{"href":"https:\/\/www.yulong.cz\/index.php?rest_route=%2Fwp%2Fv2%2Fmedia&parent=270"}],"curies":[{"name":"wp","href":"https:\/\/api.w.org\/{rel}","templated":true}]}}